{"id":1428,"date":"2020-06-18T09:06:43","date_gmt":"2020-06-18T09:06:43","guid":{"rendered":"https:\/\/sabortour.com\/?page_id=1428"},"modified":"2021-06-10T14:58:44","modified_gmt":"2021-06-10T14:58:44","slug":"nosotros","status":"publish","type":"page","link":"https:\/\/sabortour.com\/es\/nosotros\/","title":{"rendered":"Nosotros"},"content":{"rendered":"<section class=\"wpb-content-wrapper\"><p>[vc_row css_animation=\u00bb\u00bb row_type=\u00bbrow\u00bb use_row_as_full_screen_section=\u00bbno\u00bb type=\u00bbfull_width\u00bb angled_section=\u00bbno\u00bb text_align=\u00bbleft\u00bb background_image_as_pattern=\u00bbwithout_pattern\u00bb z_index=\u00bb\u00bb][vc_column][qode_elements_holder number_of_columns=\u00bbtwo_columns\u00bb columns_proportion=\u00bb33_66&#8243; switch_to_one_column=\u00bb1000&#8243;][qode_elements_holder_item advanced_animations=\u00bbno\u00bb][vc_column_text css=\u00bb.vc_custom_1592381054729{padding-top: 250px !important;padding-right: 50px !important;padding-bottom: 130px !important;padding-left: 50px !important;background-color: #bc8345 !important;}\u00bb el_class=\u00bbtitoli-pagina\u00bb]<\/p>\n<h1 style=\"text-align: center;\">Nosotros<\/h1>\n<p>[\/vc_column_text][vc_empty_space height=\u00bb30px\u00bb][vc_column_text css=\u00bb.vc_custom_1623337122843{padding-right: 50px !important;padding-left: 50px !important;}\u00bb]Recorremos cada rinc\u00f3n de nuestra geograf\u00eda hasta detectar y escoger las mejores especialidades gourmet a los mejores precios, y lo hacemos de la mano de expertos que nos ayudan en su valoraci\u00f3n.<br \/>\nDetr\u00e1s de Sabortour nos encontramos Alberto Bovo, fundador de Cuore iberico (<a href=\"https:\/\/cuoreiberico.it\/\" target=\"_blank\" rel=\"noopener\">www.cuoreiberico.it<\/a>), empresa leader en Italia en la distribuci\u00f3n al por mayor y por menor de los mejores productos gourmet procedentes de la pen\u00ednsula ib\u00e9rica.<\/p>\n<p>&nbsp;<\/p>\n<p>Con Sabortour nos dedicamos a la selecci\u00f3n y distribuci\u00f3n de productos de alta calidad gourmet para el canal Horeca en Espa\u00f1a y Europa.<\/p>\n<p>&nbsp;<\/p>\n<p>Adem\u00e1s, queremos que nuestra labor vaya m\u00e1s all\u00e1 de descubrir grandes joyas gastron\u00f3micas, queremos sorprenderos, sacar el lado m\u00e1s gourmet de cada uno de vosotros, que os dej\u00e9is llevar por vuestro paladar, que prob\u00e9is incansablemente, que os aventur\u00e9is a conocer lo desconocido y sobre todo, que no dej\u00e9is de explorar. Por eso, creamos Viappetit Foods (<a href=\"http:\/\/viappetitfoods.com\/\" target=\"_blank\" rel=\"noopener\">www.viappetitfoods.com<\/a>), nuestra tienda online con la mejor selecci\u00f3n de nuestros productos para el consumidor final espa\u00f1ol y europeo.<\/p>\n<p>&nbsp;<\/p>\n<p>As\u00ed pues, dos proyectos, pero con una premisa clara y com\u00fan, y es que dondequiera que estemos, lo que nos une es comer bien.[\/vc_column_text][vc_empty_space height=\u00bb60px\u00bb][\/qode_elements_holder_item][qode_elements_holder_item cover=\u00bbyes\u00bb vertical_alignment=\u00bbmiddle\u00bb horizontal_alignment=\u00bbcenter\u00bb advanced_animations=\u00bbno\u00bb background_image=\u00bb1564&#8243; custom_class=\u00bbsfondo\u00bb][vc_empty_space height=\u00bb700px\u00bb][\/qode_elements_holder_item][\/qode_elements_holder][\/vc_column][\/vc_row]<\/p>\n<\/section>","protected":false},"excerpt":{"rendered":"<p>[vc_row css_animation=\u00bb\u00bb row_type=\u00bbrow\u00bb use_row_as_full_screen_section=\u00bbno\u00bb type=\u00bbfull_width\u00bb angled_section=\u00bbno\u00bb text_align=\u00bbleft\u00bb background_image_as_pattern=\u00bbwithout_pattern\u00bb z_index=\u00bb\u00bb][vc_column][qode_elements_holder number_of_columns=\u00bbtwo_columns\u00bb columns_proportion=\u00bb33_66&#8243; switch_to_one_column=\u00bb1000&#8243;][qode_elements_holder_item advanced_animations=\u00bbno\u00bb][vc_column_text css=\u00bb.vc_custom_1592381054729{padding-top: 250px !important;padding-right: 50px !important;padding-bottom: 130px !important;padding-left: 50px !important;background-color: #bc8345 !important;}\u00bb el_class=\u00bbtitoli-pagina\u00bb] Nosotros [\/vc_column_text][vc_empty_space height=\u00bb30px\u00bb][vc_column_text css=\u00bb.vc_custom_1623337122843{padding-right: 50px !important;padding-left: 50px !important;}\u00bb]Recorremos cada rinc\u00f3n de nuestra geograf\u00eda hasta detectar y escoger las mejores especialidades&#8230;<\/p>\n","protected":false},"author":2,"featured_media":0,"parent":0,"menu_order":0,"comment_status":"closed","ping_status":"closed","template":"full_width.php","meta":{"_mi_skip_tracking":false},"yoast_head":"<!-- This site is optimized with the Yoast SEO plugin v20.0 - https:\/\/yoast.com\/wordpress\/plugins\/seo\/ -->\n<title>Nosotros - Sabortour<\/title>\n<meta name=\"robots\" content=\"index, follow, max-snippet:-1, max-image-preview:large, max-video-preview:-1\" \/>\n<link rel=\"canonical\" href=\"https:\/\/sabortour.com\/es\/nosotros\/\" \/>\n<meta property=\"og:locale\" content=\"es_ES\" \/>\n<meta property=\"og:type\" content=\"article\" \/>\n<meta property=\"og:title\" content=\"Nosotros - Sabortour\" \/>\n<meta property=\"og:description\" content=\"[vc_row css_animation=\u00bb\u00bb row_type=\u00bbrow\u00bb use_row_as_full_screen_section=\u00bbno\u00bb type=\u00bbfull_width\u00bb angled_section=\u00bbno\u00bb text_align=\u00bbleft\u00bb background_image_as_pattern=\u00bbwithout_pattern\u00bb z_index=\u00bb\u00bb][vc_column][qode_elements_holder number_of_columns=\u00bbtwo_columns\u00bb columns_proportion=\u00bb33_66&#8243; switch_to_one_column=\u00bb1000&#8243;][qode_elements_holder_item advanced_animations=\u00bbno\u00bb][vc_column_text css=\u00bb.vc_custom_1592381054729{padding-top: 250px !important;padding-right: 50px !important;padding-bottom: 130px !important;padding-left: 50px !important;background-color: #bc8345 !important;}\u00bb el_class=\u00bbtitoli-pagina\u00bb] Nosotros [\/vc_column_text][vc_empty_space height=\u00bb30px\u00bb][vc_column_text css=\u00bb.vc_custom_1623337122843{padding-right: 50px !important;padding-left: 50px !important;}\u00bb]Recorremos cada rinc\u00f3n de nuestra geograf\u00eda hasta detectar y escoger las mejores especialidades...\" \/>\n<meta property=\"og:url\" content=\"https:\/\/sabortour.com\/es\/nosotros\/\" \/>\n<meta property=\"og:site_name\" content=\"Sabortour\" \/>\n<meta property=\"article:modified_time\" content=\"2021-06-10T14:58:44+00:00\" \/>\n<meta name=\"twitter:card\" content=\"summary_large_image\" \/>\n<meta name=\"twitter:label1\" content=\"Tiempo de lectura\" \/>\n\t<meta name=\"twitter:data1\" content=\"1 minuto\" \/>\n<script type=\"application\/ld+json\" class=\"yoast-schema-graph\">{\"@context\":\"https:\/\/schema.org\",\"@graph\":[{\"@type\":\"WebPage\",\"@id\":\"https:\/\/sabortour.com\/es\/nosotros\/\",\"url\":\"https:\/\/sabortour.com\/es\/nosotros\/\",\"name\":\"Nosotros - Sabortour\",\"isPartOf\":{\"@id\":\"https:\/\/sabortour.com\/es\/#website\"},\"datePublished\":\"2020-06-18T09:06:43+00:00\",\"dateModified\":\"2021-06-10T14:58:44+00:00\",\"breadcrumb\":{\"@id\":\"https:\/\/sabortour.com\/es\/nosotros\/#breadcrumb\"},\"inLanguage\":\"es\",\"potentialAction\":[{\"@type\":\"ReadAction\",\"target\":[\"https:\/\/sabortour.com\/es\/nosotros\/\"]}]},{\"@type\":\"BreadcrumbList\",\"@id\":\"https:\/\/sabortour.com\/es\/nosotros\/#breadcrumb\",\"itemListElement\":[{\"@type\":\"ListItem\",\"position\":1,\"name\":\"Portada\",\"item\":\"https:\/\/sabortour.com\/es\/\"},{\"@type\":\"ListItem\",\"position\":2,\"name\":\"Nosotros\"}]},{\"@type\":\"WebSite\",\"@id\":\"https:\/\/sabortour.com\/es\/#website\",\"url\":\"https:\/\/sabortour.com\/es\/\",\"name\":\"Sabortour\",\"description\":\"Selecci\u00f3n gourmet\",\"potentialAction\":[{\"@type\":\"SearchAction\",\"target\":{\"@type\":\"EntryPoint\",\"urlTemplate\":\"https:\/\/sabortour.com\/es\/?s={search_term_string}\"},\"query-input\":\"required name=search_term_string\"}],\"inLanguage\":\"es\"}]}<\/script>\n<!-- \/ Yoast SEO plugin. -->","yoast_head_json":{"title":"Nosotros - Sabortour","robots":{"index":"index","follow":"follow","max-snippet":"max-snippet:-1","max-image-preview":"max-image-preview:large","max-video-preview":"max-video-preview:-1"},"canonical":"https:\/\/sabortour.com\/es\/nosotros\/","og_locale":"es_ES","og_type":"article","og_title":"Nosotros - Sabortour","og_description":"[vc_row css_animation=\u00bb\u00bb row_type=\u00bbrow\u00bb use_row_as_full_screen_section=\u00bbno\u00bb type=\u00bbfull_width\u00bb angled_section=\u00bbno\u00bb text_align=\u00bbleft\u00bb background_image_as_pattern=\u00bbwithout_pattern\u00bb z_index=\u00bb\u00bb][vc_column][qode_elements_holder number_of_columns=\u00bbtwo_columns\u00bb columns_proportion=\u00bb33_66&#8243; switch_to_one_column=\u00bb1000&#8243;][qode_elements_holder_item advanced_animations=\u00bbno\u00bb][vc_column_text css=\u00bb.vc_custom_1592381054729{padding-top: 250px !important;padding-right: 50px !important;padding-bottom: 130px !important;padding-left: 50px !important;background-color: #bc8345 !important;}\u00bb el_class=\u00bbtitoli-pagina\u00bb] Nosotros [\/vc_column_text][vc_empty_space height=\u00bb30px\u00bb][vc_column_text css=\u00bb.vc_custom_1623337122843{padding-right: 50px !important;padding-left: 50px !important;}\u00bb]Recorremos cada rinc\u00f3n de nuestra geograf\u00eda hasta detectar y escoger las mejores especialidades...","og_url":"https:\/\/sabortour.com\/es\/nosotros\/","og_site_name":"Sabortour","article_modified_time":"2021-06-10T14:58:44+00:00","twitter_card":"summary_large_image","twitter_misc":{"Tiempo de lectura":"1 minuto"},"schema":{"@context":"https:\/\/schema.org","@graph":[{"@type":"WebPage","@id":"https:\/\/sabortour.com\/es\/nosotros\/","url":"https:\/\/sabortour.com\/es\/nosotros\/","name":"Nosotros - Sabortour","isPartOf":{"@id":"https:\/\/sabortour.com\/es\/#website"},"datePublished":"2020-06-18T09:06:43+00:00","dateModified":"2021-06-10T14:58:44+00:00","breadcrumb":{"@id":"https:\/\/sabortour.com\/es\/nosotros\/#breadcrumb"},"inLanguage":"es","potentialAction":[{"@type":"ReadAction","target":["https:\/\/sabortour.com\/es\/nosotros\/"]}]},{"@type":"BreadcrumbList","@id":"https:\/\/sabortour.com\/es\/nosotros\/#breadcrumb","itemListElement":[{"@type":"ListItem","position":1,"name":"Portada","item":"https:\/\/sabortour.com\/es\/"},{"@type":"ListItem","position":2,"name":"Nosotros"}]},{"@type":"WebSite","@id":"https:\/\/sabortour.com\/es\/#website","url":"https:\/\/sabortour.com\/es\/","name":"Sabortour","description":"Selecci\u00f3n gourmet","potentialAction":[{"@type":"SearchAction","target":{"@type":"EntryPoint","urlTemplate":"https:\/\/sabortour.com\/es\/?s={search_term_string}"},"query-input":"required name=search_term_string"}],"inLanguage":"es"}]}},"_links":{"self":[{"href":"https:\/\/sabortour.com\/es\/wp-json\/wp\/v2\/pages\/1428"}],"collection":[{"href":"https:\/\/sabortour.com\/es\/wp-json\/wp\/v2\/pages"}],"about":[{"href":"https:\/\/sabortour.com\/es\/wp-json\/wp\/v2\/types\/page"}],"author":[{"embeddable":true,"href":"https:\/\/sabortour.com\/es\/wp-json\/wp\/v2\/users\/2"}],"replies":[{"embeddable":true,"href":"https:\/\/sabortour.com\/es\/wp-json\/wp\/v2\/comments?post=1428"}],"version-history":[{"count":41,"href":"https:\/\/sabortour.com\/es\/wp-json\/wp\/v2\/pages\/1428\/revisions"}],"predecessor-version":[{"id":1570,"href":"https:\/\/sabortour.com\/es\/wp-json\/wp\/v2\/pages\/1428\/revisions\/1570"}],"wp:attachment":[{"href":"https:\/\/sabortour.com\/es\/wp-json\/wp\/v2\/media?parent=1428"}],"curies":[{"name":"wp","href":"https:\/\/api.w.org\/{rel}","templated":true}]}}